{"id":36,"date":"2025-11-17T12:28:57","date_gmt":"2025-11-17T11:28:57","guid":{"rendered":"https:\/\/adaptax.fingerprint.hu\/?page_id=36"},"modified":"2026-01-22T19:34:46","modified_gmt":"2026-01-22T18:34:46","slug":"fooldal","status":"publish","type":"page","link":"https:\/\/adaptax.fingerprint.hu\/","title":{"rendered":"F\u0151oldal"},"content":{"rendered":"\t\t<div data-elementor-type=\"wp-page\" data-elementor-id=\"36\" class=\"elementor elementor-36\" data-elementor-post-type=\"page\">\n\t\t\t\t<div class=\"elementor-element elementor-element-fc52bfc e-con-full e-flex e-con e-parent\" data-id=\"fc52bfc\" data-element_type=\"container\" data-e-type=\"container\">\n\t\t<div class=\"elementor-element elementor-element-e54a93b e-con-full e-flex e-con e-child\" data-id=\"e54a93b\" data-element_type=\"container\" data-e-type=\"container\">\n\t\t<div class=\"elementor-element elementor-element-2653687 e-con-full e-flex e-con e-child\" data-id=\"2653687\" data-element_type=\"container\" data-e-type=\"container\">\n\t\t\t\t<div class=\"elementor-element elementor-element-dcf7d7f elementor-absolute elementor-widget elementor-widget-image\" data-id=\"dcf7d7f\" data-element_type=\"widget\" data-e-type=\"widget\" data-settings=\"{&quot;_position&quot;:&quot;absolute&quot;}\" data-widget_type=\"image.default\">\n\t\t\t\t\t\t\t\t\t\t\t\t\t\t\t<img fetchpriority=\"high\" decoding=\"async\" width=\"914\" height=\"676\" src=\"https:\/\/adaptax.fingerprint.hu\/wp-content\/uploads\/2025\/11\/fooldal-flekk-2.jpg\" class=\"attachment-full size-full wp-image-51\" alt=\"\" srcset=\"https:\/\/adaptax.fingerprint.hu\/wp-content\/uploads\/2025\/11\/fooldal-flekk-2.jpg 914w, https:\/\/adaptax.fingerprint.hu\/wp-content\/uploads\/2025\/11\/fooldal-flekk-2-300x222.jpg 300w, https:\/\/adaptax.fingerprint.hu\/wp-content\/uploads\/2025\/11\/fooldal-flekk-2-768x568.jpg 768w\" sizes=\"(max-width: 914px) 100vw, 914px\" \/>\t\t\t\t\t\t\t\t\t\t\t\t\t\t\t<\/div>\n\t\t\t\t<\/div>\n\t\t<div class=\"elementor-element elementor-element-a9bf05d e-con-full e-flex e-con e-child\" data-id=\"a9bf05d\" data-element_type=\"container\" data-e-type=\"container\">\n\t\t\t\t<div class=\"elementor-element elementor-element-8b864e4 elementor-arrows-position-outside elementor-pagination-type-bullets elementor-pagination-position-outside elementor-widget elementor-widget-loop-carousel\" data-id=\"8b864e4\" data-element_type=\"widget\" data-e-type=\"widget\" data-settings=\"{&quot;template_id&quot;:53,&quot;slides_to_show&quot;:&quot;1&quot;,&quot;_skin&quot;:&quot;post&quot;,&quot;slides_to_show_tablet&quot;:&quot;2&quot;,&quot;slides_to_show_mobile&quot;:&quot;1&quot;,&quot;slides_to_scroll&quot;:&quot;1&quot;,&quot;edit_handle_selector&quot;:&quot;.elementor-loop-container&quot;,&quot;autoplay&quot;:&quot;yes&quot;,&quot;autoplay_speed&quot;:5000,&quot;pause_on_hover&quot;:&quot;yes&quot;,&quot;pause_on_interaction&quot;:&quot;yes&quot;,&quot;infinite&quot;:&quot;yes&quot;,&quot;speed&quot;:500,&quot;offset_sides&quot;:&quot;none&quot;,&quot;arrows&quot;:&quot;yes&quot;,&quot;pagination&quot;:&quot;bullets&quot;,&quot;image_spacing_custom&quot;:{&quot;unit&quot;:&quot;px&quot;,&quot;size&quot;:10,&quot;sizes&quot;:[]},&quot;image_spacing_custom_tablet&quot;:{&quot;unit&quot;:&quot;px&quot;,&quot;size&quot;:&quot;&quot;,&quot;sizes&quot;:[]},&quot;image_spacing_custom_mobile&quot;:{&quot;unit&quot;:&quot;px&quot;,&quot;size&quot;:&quot;&quot;,&quot;sizes&quot;:[]}}\" data-widget_type=\"loop-carousel.post\">\n\t\t\t\t\t\t\t<div class=\"swiper elementor-loop-container elementor-grid\" role=\"list\" dir=\"ltr\">\n\t\t\t\t<div class=\"swiper-wrapper\" aria-live=\"off\">\n\t\t<style id=\"loop-53\">.elementor-53 .elementor-element.elementor-element-91985af{--display:flex;}.elementor-widget-theme-post-title .elementor-heading-title{font-family:var( --e-global-typography-primary-font-family ), Sans-serif;font-size:var( --e-global-typography-primary-font-size );font-weight:var( --e-global-typography-primary-font-weight );color:var( --e-global-color-primary );}.elementor-53 .elementor-element.elementor-element-82e5b92 .elementor-heading-title{font-family:\"Montserrat\", Sans-serif;font-size:38px;font-weight:500;color:var( --e-global-color-a868158 );}.elementor-widget-button .elementor-button{font-family:var( --e-global-typography-accent-font-family ), Sans-serif;font-size:var( --e-global-typography-accent-font-size );font-weight:var( --e-global-typography-accent-font-weight );background-color:var( --e-global-color-accent );}.elementor-53 .elementor-element.elementor-element-b482051 .elementor-button{font-family:\"Montserrat\", Sans-serif;font-size:18px;font-weight:500;fill:#FFFFFF;color:#FFFFFF;background-color:var( --e-global-color-a868158 );border-radius:5px 5px 5px 5px;}.elementor-53 .elementor-element.elementor-element-b482051{margin:40px 0px calc(var(--kit-widget-spacing, 0px) + 0px) 0px;}@media(max-width:1024px){.elementor-widget-theme-post-title .elementor-heading-title{font-size:var( --e-global-typography-primary-font-size );}.elementor-widget-button .elementor-button{font-size:var( --e-global-typography-accent-font-size );}}@media(max-width:767px){.elementor-53 .elementor-element.elementor-element-91985af{--margin-top:273px;--margin-bottom:130px;--margin-left:0px;--margin-right:0px;}.elementor-widget-theme-post-title .elementor-heading-title{font-size:var( --e-global-typography-primary-font-size );}.elementor-53 .elementor-element.elementor-element-82e5b92 .elementor-heading-title{font-size:28px;}.elementor-widget-button .elementor-button{font-size:var( --e-global-typography-accent-font-size );}}<\/style>\t\t<div data-elementor-type=\"loop-item\" data-elementor-id=\"53\" class=\"elementor elementor-53 swiper-slide e-loop-item e-loop-item-84 post-84 post type-post status-publish format-standard hentry category-egyeb\" data-elementor-post-type=\"elementor_library\" role=\"group\" aria-roledescription=\"slide\" data-custom-edit-handle=\"1\">\n\t\t\t<div class=\"elementor-element elementor-element-91985af e-flex e-con-boxed e-con e-parent\" data-id=\"91985af\" data-element_type=\"container\" data-e-type=\"container\">\n\t\t\t\t\t<div class=\"e-con-inner\">\n\t\t\t\t<div class=\"elementor-element elementor-element-82e5b92 elementor-widget elementor-widget-theme-post-title elementor-page-title elementor-widget-heading\" data-id=\"82e5b92\" data-element_type=\"widget\" data-e-type=\"widget\" data-widget_type=\"theme-post-title.default\">\n\t\t\t\t\t<h1 class=\"elementor-heading-title elementor-size-default\">Nemzetk\u00f6zi vizeken<\/h1>\t\t\t\t<\/div>\n\t\t\t\t<div class=\"elementor-element elementor-element-b482051 elementor-widget elementor-widget-button\" data-id=\"b482051\" data-element_type=\"widget\" data-e-type=\"widget\" data-widget_type=\"button.default\">\n\t\t\t\t\t\t\t\t\t\t<a class=\"elementor-button elementor-button-link elementor-size-sm\" href=\"#\">\n\t\t\t\t\t\t<span class=\"elementor-button-content-wrapper\">\n\t\t\t\t\t\t\t\t\t<span class=\"elementor-button-text\">R\u00e9szletek<\/span>\n\t\t\t\t\t<\/span>\n\t\t\t\t\t<\/a>\n\t\t\t\t\t\t\t\t<\/div>\n\t\t\t\t\t<\/div>\n\t\t\t\t<\/div>\n\t\t\t\t<\/div>\n\t\t\t\t<div data-elementor-type=\"loop-item\" data-elementor-id=\"53\" class=\"elementor elementor-53 swiper-slide e-loop-item e-loop-item-1 post-1 post type-post status-publish format-standard hentry category-egyeb\" data-elementor-post-type=\"elementor_library\" role=\"group\" aria-roledescription=\"slide\" data-custom-edit-handle=\"1\">\n\t\t\t<div class=\"elementor-element elementor-element-91985af e-flex e-con-boxed e-con e-parent\" data-id=\"91985af\" data-element_type=\"container\" data-e-type=\"container\">\n\t\t\t\t\t<div class=\"e-con-inner\">\n\t\t\t\t<div class=\"elementor-element elementor-element-82e5b92 elementor-widget elementor-widget-theme-post-title elementor-page-title elementor-widget-heading\" data-id=\"82e5b92\" data-element_type=\"widget\" data-e-type=\"widget\" data-widget_type=\"theme-post-title.default\">\n\t\t\t\t\t<h1 class=\"elementor-heading-title elementor-size-default\">Hell\u00f3 Vil\u00e1g!<\/h1>\t\t\t\t<\/div>\n\t\t\t\t<div class=\"elementor-element elementor-element-b482051 elementor-widget elementor-widget-button\" data-id=\"b482051\" data-element_type=\"widget\" data-e-type=\"widget\" data-widget_type=\"button.default\">\n\t\t\t\t\t\t\t\t\t\t<a class=\"elementor-button elementor-button-link elementor-size-sm\" href=\"#\">\n\t\t\t\t\t\t<span class=\"elementor-button-content-wrapper\">\n\t\t\t\t\t\t\t\t\t<span class=\"elementor-button-text\">R\u00e9szletek<\/span>\n\t\t\t\t\t<\/span>\n\t\t\t\t\t<\/a>\n\t\t\t\t\t\t\t\t<\/div>\n\t\t\t\t\t<\/div>\n\t\t\t\t<\/div>\n\t\t\t\t<\/div>\n\t\t\t\t<\/div>\n\t\t<\/div>\n\t\t\t\t\t<div class=\"elementor-swiper-button elementor-swiper-button-prev\" role=\"button\" tabindex=\"0\" aria-label=\"El\u0151z\u0151\">\n\t\t\t\t<svg aria-hidden=\"true\" class=\"e-font-icon-svg e-fas-arrow-left\" viewBox=\"0 0 448 512\" xmlns=\"http:\/\/www.w3.org\/2000\/svg\"><path d=\"M257.5 445.1l-22.2 22.2c-9.4 9.4-24.6 9.4-33.9 0L7 273c-9.4-9.4-9.4-24.6 0-33.9L201.4 44.7c9.4-9.4 24.6-9.4 33.9 0l22.2 22.2c9.5 9.5 9.3 25-.4 34.3L136.6 216H424c13.3 0 24 10.7 24 24v32c0 13.3-10.7 24-24 24H136.6l120.5 114.8c9.8 9.3 10 24.8.4 34.3z\"><\/path><\/svg>\t\t\t<\/div>\n\t\t\t<div class=\"elementor-swiper-button elementor-swiper-button-next\" role=\"button\" tabindex=\"0\" aria-label=\"K\u00f6vetkez\u0151\">\n\t\t\t\t<svg aria-hidden=\"true\" class=\"e-font-icon-svg e-fas-arrow-right\" viewBox=\"0 0 448 512\" xmlns=\"http:\/\/www.w3.org\/2000\/svg\"><path d=\"M190.5 66.9l22.2-22.2c9.4-9.4 24.6-9.4 33.9 0L441 239c9.4 9.4 9.4 24.6 0 33.9L246.6 467.3c-9.4 9.4-24.6 9.4-33.9 0l-22.2-22.2c-9.5-9.5-9.3-25 .4-34.3L311.4 296H24c-13.3 0-24-10.7-24-24v-32c0-13.3 10.7-24 24-24h287.4L190.9 101.2c-9.8-9.3-10-24.8-.4-34.3z\"><\/path><\/svg>\t\t\t<\/div>\n\t\t\t\t\t<div class=\"swiper-pagination\"><\/div>\n\t\t\t\t\t\t<\/div>\n\t\t\t\t<\/div>\n\t\t\t\t<\/div>\n\t\t\t\t<\/div>\n\t\t<div class=\"elementor-element elementor-element-3a44897 e-con-full e-flex e-con e-parent\" data-id=\"3a44897\" data-element_type=\"container\" data-e-type=\"container\" data-settings=\"{&quot;background_background&quot;:&quot;classic&quot;}\">\n\t\t\t\t<div class=\"elementor-element elementor-element-b02b5f5 elementor-widget elementor-widget-image\" data-id=\"b02b5f5\" data-element_type=\"widget\" data-e-type=\"widget\" data-widget_type=\"image.default\">\n\t\t\t\t\t\t\t\t\t\t\t\t\t\t\t<img decoding=\"async\" width=\"389\" height=\"143\" src=\"https:\/\/adaptax.fingerprint.hu\/wp-content\/uploads\/2025\/11\/XXI.svg\" class=\"attachment-large size-large wp-image-61\" alt=\"\" \/>\t\t\t\t\t\t\t\t\t\t\t\t\t\t\t<\/div>\n\t\t<div class=\"elementor-element elementor-element-7167404 e-flex e-con-boxed e-con e-child\" data-id=\"7167404\" data-element_type=\"container\" data-e-type=\"container\">\n\t\t\t\t\t<div class=\"e-con-inner\">\n\t\t\t\t<div class=\"elementor-element elementor-element-2da3cc0 elementor-widget elementor-widget-heading\" data-id=\"2da3cc0\" data-element_type=\"widget\" data-e-type=\"widget\" data-widget_type=\"heading.default\">\n\t\t\t\t\t<h2 class=\"elementor-heading-title elementor-size-default\">Szakter\u00fclet\u00fcnk szakemberei<\/h2>\t\t\t\t<\/div>\n\t\t<div class=\"elementor-element elementor-element-63a3626 e-con-full e-flex e-con e-child\" data-id=\"63a3626\" data-element_type=\"container\" data-e-type=\"container\">\n\t\t\t\t<div class=\"elementor-element elementor-element-533f3c7 elementor-widget elementor-widget-image\" data-id=\"533f3c7\" data-element_type=\"widget\" data-e-type=\"widget\" data-widget_type=\"image.default\">\n\t\t\t\t\t\t\t\t\t\t\t\t\t\t\t<img decoding=\"async\" width=\"211\" height=\"211\" src=\"https:\/\/adaptax.fingerprint.hu\/wp-content\/uploads\/2025\/11\/1.png\" class=\"attachment-large size-large wp-image-62\" alt=\"\" srcset=\"https:\/\/adaptax.fingerprint.hu\/wp-content\/uploads\/2025\/11\/1.png 211w, https:\/\/adaptax.fingerprint.hu\/wp-content\/uploads\/2025\/11\/1-150x150.png 150w\" sizes=\"(max-width: 211px) 100vw, 211px\" \/>\t\t\t\t\t\t\t\t\t\t\t\t\t\t\t<\/div>\n\t\t\t\t<div class=\"elementor-element elementor-element-496e699 elementor-widget elementor-widget-image\" data-id=\"496e699\" data-element_type=\"widget\" data-e-type=\"widget\" data-widget_type=\"image.default\">\n\t\t\t\t\t\t\t\t\t\t\t\t\t\t\t<img loading=\"lazy\" decoding=\"async\" width=\"211\" height=\"211\" src=\"https:\/\/adaptax.fingerprint.hu\/wp-content\/uploads\/2025\/11\/2.png\" class=\"attachment-large size-large wp-image-63\" alt=\"\" srcset=\"https:\/\/adaptax.fingerprint.hu\/wp-content\/uploads\/2025\/11\/2.png 211w, https:\/\/adaptax.fingerprint.hu\/wp-content\/uploads\/2025\/11\/2-150x150.png 150w\" sizes=\"(max-width: 211px) 100vw, 211px\" \/>\t\t\t\t\t\t\t\t\t\t\t\t\t\t\t<\/div>\n\t\t\t\t<div class=\"elementor-element elementor-element-ba8c4dd elementor-widget elementor-widget-image\" data-id=\"ba8c4dd\" data-element_type=\"widget\" data-e-type=\"widget\" data-widget_type=\"image.default\">\n\t\t\t\t\t\t\t\t\t\t\t\t\t\t\t<img loading=\"lazy\" decoding=\"async\" width=\"211\" height=\"212\" src=\"https:\/\/adaptax.fingerprint.hu\/wp-content\/uploads\/2025\/11\/7.png\" class=\"attachment-large size-large wp-image-68\" alt=\"\" srcset=\"https:\/\/adaptax.fingerprint.hu\/wp-content\/uploads\/2025\/11\/7.png 211w, https:\/\/adaptax.fingerprint.hu\/wp-content\/uploads\/2025\/11\/7-150x150.png 150w\" sizes=\"(max-width: 211px) 100vw, 211px\" \/>\t\t\t\t\t\t\t\t\t\t\t\t\t\t\t<\/div>\n\t\t\t\t<div class=\"elementor-element elementor-element-28a8353 elementor-widget elementor-widget-image\" data-id=\"28a8353\" data-element_type=\"widget\" data-e-type=\"widget\" data-widget_type=\"image.default\">\n\t\t\t\t\t\t\t\t\t\t\t\t\t\t\t<img loading=\"lazy\" decoding=\"async\" width=\"211\" height=\"211\" src=\"https:\/\/adaptax.fingerprint.hu\/wp-content\/uploads\/2025\/11\/3.png\" class=\"attachment-large size-large wp-image-64\" alt=\"\" srcset=\"https:\/\/adaptax.fingerprint.hu\/wp-content\/uploads\/2025\/11\/3.png 211w, https:\/\/adaptax.fingerprint.hu\/wp-content\/uploads\/2025\/11\/3-150x150.png 150w\" sizes=\"(max-width: 211px) 100vw, 211px\" \/>\t\t\t\t\t\t\t\t\t\t\t\t\t\t\t<\/div>\n\t\t\t\t<div class=\"elementor-element elementor-element-628848d elementor-widget elementor-widget-image\" data-id=\"628848d\" data-element_type=\"widget\" data-e-type=\"widget\" data-widget_type=\"image.default\">\n\t\t\t\t\t\t\t\t\t\t\t\t\t\t\t<img loading=\"lazy\" decoding=\"async\" width=\"211\" height=\"210\" src=\"https:\/\/adaptax.fingerprint.hu\/wp-content\/uploads\/2025\/11\/5.png\" class=\"attachment-large size-large wp-image-66\" alt=\"\" srcset=\"https:\/\/adaptax.fingerprint.hu\/wp-content\/uploads\/2025\/11\/5.png 211w, https:\/\/adaptax.fingerprint.hu\/wp-content\/uploads\/2025\/11\/5-150x150.png 150w\" sizes=\"(max-width: 211px) 100vw, 211px\" \/>\t\t\t\t\t\t\t\t\t\t\t\t\t\t\t<\/div>\n\t\t\t\t<div class=\"elementor-element elementor-element-724fc28 elementor-widget elementor-widget-image\" data-id=\"724fc28\" data-element_type=\"widget\" data-e-type=\"widget\" data-widget_type=\"image.default\">\n\t\t\t\t\t\t\t\t\t\t\t\t\t\t\t<img loading=\"lazy\" decoding=\"async\" width=\"211\" height=\"210\" src=\"https:\/\/adaptax.fingerprint.hu\/wp-content\/uploads\/2025\/11\/6.png\" class=\"attachment-large size-large wp-image-67\" alt=\"\" srcset=\"https:\/\/adaptax.fingerprint.hu\/wp-content\/uploads\/2025\/11\/6.png 211w, https:\/\/adaptax.fingerprint.hu\/wp-content\/uploads\/2025\/11\/6-150x150.png 150w\" sizes=\"(max-width: 211px) 100vw, 211px\" \/>\t\t\t\t\t\t\t\t\t\t\t\t\t\t\t<\/div>\n\t\t\t\t<div class=\"elementor-element elementor-element-69f6d6a elementor-widget elementor-widget-image\" data-id=\"69f6d6a\" data-element_type=\"widget\" data-e-type=\"widget\" data-widget_type=\"image.default\">\n\t\t\t\t\t\t\t\t\t\t\t\t\t\t\t<img loading=\"lazy\" decoding=\"async\" width=\"211\" height=\"212\" src=\"https:\/\/adaptax.fingerprint.hu\/wp-content\/uploads\/2025\/11\/9.png\" class=\"attachment-large size-large wp-image-70\" alt=\"\" srcset=\"https:\/\/adaptax.fingerprint.hu\/wp-content\/uploads\/2025\/11\/9.png 211w, https:\/\/adaptax.fingerprint.hu\/wp-content\/uploads\/2025\/11\/9-150x150.png 150w\" sizes=\"(max-width: 211px) 100vw, 211px\" \/>\t\t\t\t\t\t\t\t\t\t\t\t\t\t\t<\/div>\n\t\t\t\t<div class=\"elementor-element elementor-element-b1934bd elementor-widget elementor-widget-image\" data-id=\"b1934bd\" data-element_type=\"widget\" data-e-type=\"widget\" data-widget_type=\"image.default\">\n\t\t\t\t\t\t\t\t\t\t\t\t\t\t\t<img loading=\"lazy\" decoding=\"async\" width=\"211\" height=\"212\" src=\"https:\/\/adaptax.fingerprint.hu\/wp-content\/uploads\/2025\/11\/8.png\" class=\"attachment-large size-large wp-image-69\" alt=\"\" srcset=\"https:\/\/adaptax.fingerprint.hu\/wp-content\/uploads\/2025\/11\/8.png 211w, https:\/\/adaptax.fingerprint.hu\/wp-content\/uploads\/2025\/11\/8-150x150.png 150w\" sizes=\"(max-width: 211px) 100vw, 211px\" \/>\t\t\t\t\t\t\t\t\t\t\t\t\t\t\t<\/div>\n\t\t\t\t<\/div>\n\t\t\t\t<div class=\"elementor-element elementor-element-3d04eaa elementor-widget elementor-widget-heading\" data-id=\"3d04eaa\" data-element_type=\"widget\" data-e-type=\"widget\" data-widget_type=\"heading.default\">\n\t\t\t\t\t<h2 class=\"elementor-heading-title elementor-size-default\">K\u00fcldj\u00f6n nek\u00fcnk \u00fczenetet<\/h2>\t\t\t\t<\/div>\n\t\t\t\t<div class=\"elementor-element elementor-element-d56b712 elementor-widget elementor-widget-text-editor\" data-id=\"d56b712\" data-element_type=\"widget\" data-e-type=\"widget\" data-widget_type=\"text-editor.default\">\n\t\t\t\t\t\t\t\t\t<p>Mindent megtesz\u00fcnk, hogy hamarosan v\u00e1laszoljunk \u00fczenet\u00e9re.<\/p>\t\t\t\t\t\t\t\t<\/div>\n\t\t\t\t<div class=\"elementor-element elementor-element-321c08d elementor-button-align-start elementor-widget elementor-widget-form\" data-id=\"321c08d\" data-element_type=\"widget\" data-e-type=\"widget\" data-settings=\"{&quot;step_next_label&quot;:&quot;K\\u00f6vetkez\\u0151&quot;,&quot;step_previous_label&quot;:&quot;El\\u0151z\\u0151&quot;,&quot;button_width&quot;:&quot;100&quot;,&quot;step_type&quot;:&quot;number_text&quot;,&quot;step_icon_shape&quot;:&quot;circle&quot;}\" data-widget_type=\"form.default\">\n\t\t\t\t\t\t\t<form class=\"elementor-form\" method=\"post\" name=\"\u00daj \u0171rlap\" aria-label=\"\u00daj \u0171rlap\">\n\t\t\t<input type=\"hidden\" name=\"post_id\" value=\"36\"\/>\n\t\t\t<input type=\"hidden\" name=\"form_id\" value=\"321c08d\"\/>\n\t\t\t<input type=\"hidden\" name=\"referer_title\" value=\"\" \/>\n\n\t\t\t\t\t\t\t<input type=\"hidden\" name=\"queried_id\" value=\"36\"\/>\n\t\t\t\n\t\t\t<div class=\"elementor-form-fields-wrapper elementor-labels-above\">\n\t\t\t\t\t\t\t\t<div class=\"elementor-field-type-text elementor-field-group elementor-column elementor-field-group-name elementor-col-50\">\n\t\t\t\t\t\t\t\t\t\t\t\t\t<input size=\"1\" type=\"text\" name=\"form_fields[name]\" id=\"form-field-name\" class=\"elementor-field elementor-size-sm  elementor-field-textual\" placeholder=\"N\u00e9v\">\n\t\t\t\t\t\t\t\t\t\t\t<\/div>\n\t\t\t\t\t\t\t\t<div class=\"elementor-field-type-email elementor-field-group elementor-column elementor-field-group-email elementor-col-50 elementor-field-required\">\n\t\t\t\t\t\t\t\t\t\t\t\t\t<input size=\"1\" type=\"email\" name=\"form_fields[email]\" id=\"form-field-email\" class=\"elementor-field elementor-size-sm  elementor-field-textual\" placeholder=\"E-mail\" required=\"required\">\n\t\t\t\t\t\t\t\t\t\t\t<\/div>\n\t\t\t\t\t\t\t\t<div class=\"elementor-field-type-tel elementor-field-group elementor-column elementor-field-group-field_a62667d elementor-col-50 elementor-field-required\">\n\t\t\t\t\t\t\t<input size=\"1\" type=\"tel\" name=\"form_fields[field_a62667d]\" id=\"form-field-field_a62667d\" class=\"elementor-field elementor-size-sm  elementor-field-textual\" placeholder=\"Telefonsz\u00e1m\" required=\"required\" pattern=\"[0-9()#&amp;+*-=.]+\" title=\"Only numbers and phone characters (#, -, *, etc) are accepted.\">\n\n\t\t\t\t\t\t<\/div>\n\t\t\t\t\t\t\t\t<div class=\"elementor-field-type-text elementor-field-group elementor-column elementor-field-group-field_4e88b4b elementor-col-50 elementor-field-required\">\n\t\t\t\t\t\t\t\t\t\t\t\t\t<input size=\"1\" type=\"text\" name=\"form_fields[field_4e88b4b]\" id=\"form-field-field_4e88b4b\" class=\"elementor-field elementor-size-sm  elementor-field-textual\" placeholder=\"T\u00e1rgy\" required=\"required\">\n\t\t\t\t\t\t\t\t\t\t\t<\/div>\n\t\t\t\t\t\t\t\t<div class=\"elementor-field-type-textarea elementor-field-group elementor-column elementor-field-group-field_6f47c10 elementor-col-100 elementor-field-required\">\n\t\t\t\t\t<textarea class=\"elementor-field-textual elementor-field  elementor-size-sm\" name=\"form_fields[field_6f47c10]\" id=\"form-field-field_6f47c10\" rows=\"4\" placeholder=\"\u00dczenet\" required=\"required\"><\/textarea>\t\t\t\t<\/div>\n\t\t\t\t\t\t\t\t<div class=\"elementor-field-group elementor-column elementor-field-type-submit elementor-col-100 e-form__buttons\">\n\t\t\t\t\t<button class=\"elementor-button elementor-size-sm\" type=\"submit\">\n\t\t\t\t\t\t<span class=\"elementor-button-content-wrapper\">\n\t\t\t\t\t\t\t\t\t\t\t\t\t\t\t\t\t\t\t\t\t\t<span class=\"elementor-button-text\">K\u00fcld\u00e9s<\/span>\n\t\t\t\t\t\t\t\t\t\t\t\t\t<\/span>\n\t\t\t\t\t<\/button>\n\t\t\t\t<\/div>\n\t\t\t<\/div>\n\t\t<\/form>\n\t\t\t\t\t\t<\/div>\n\t\t\t\t\t<\/div>\n\t\t\t\t<\/div>\n\t\t\t\t<\/div>\n\t\t<div class=\"elementor-element elementor-element-637a944 e-flex e-con-boxed e-con e-parent\" data-id=\"637a944\" data-element_type=\"container\" data-e-type=\"container\">\n\t\t\t\t\t<div class=\"e-con-inner\">\n\t\t\t\t\t<\/div>\n\t\t\t\t<\/div>\n\t\t<div class=\"elementor-element elementor-element-d449cbd e-flex e-con-boxed e-con e-parent\" data-id=\"d449cbd\" data-element_type=\"container\" data-e-type=\"container\">\n\t\t\t\t\t<div class=\"e-con-inner\">\n\t\t\t\t<div class=\"elementor-element elementor-element-7dec0ea elementor-widget elementor-widget-text-editor\" data-id=\"7dec0ea\" data-element_type=\"widget\" data-e-type=\"widget\" data-widget_type=\"text-editor.default\">\n\t\t\t\t\t\t\t\t\t<p>Lorem ipsum dolor sit amet, consectetur adipiscing elit. Ut elit tellus, luctus nec ullamcorper mattis, pulvinar dapibus leo.<\/p>\t\t\t\t\t\t\t\t<\/div>\n\t\t\t\t\t<\/div>\n\t\t\t\t<\/div>\n\t\t\t\t<\/div>\n\t\t","protected":false},"excerpt":{"rendered":"<p>Szakter\u00fclet\u00fcnk szakemberei K\u00fcldj\u00f6n nek\u00fcnk \u00fczenetet Mindent megtesz\u00fcnk, hogy hamarosan v\u00e1laszoljunk \u00fczenet\u00e9re. Lorem ipsum dolor sit amet, consectetur adipiscing elit. Ut elit tellus, luctus nec ullamcorper mattis, pulvinar dapibus leo.<\/p>\n","protected":false},"author":1,"featured_media":0,"parent":0,"menu_order":0,"comment_status":"closed","ping_status":"closed","template":"elementor_header_footer","meta":{"footnotes":""},"class_list":["post-36","page","type-page","status-publish","hentry"],"_links":{"self":[{"href":"https:\/\/adaptax.fingerprint.hu\/index.php\/wp-json\/wp\/v2\/pages\/36","targetHints":{"allow":["GET"]}}],"collection":[{"href":"https:\/\/adaptax.fingerprint.hu\/index.php\/wp-json\/wp\/v2\/pages"}],"about":[{"href":"https:\/\/adaptax.fingerprint.hu\/index.php\/wp-json\/wp\/v2\/types\/page"}],"author":[{"embeddable":true,"href":"https:\/\/adaptax.fingerprint.hu\/index.php\/wp-json\/wp\/v2\/users\/1"}],"replies":[{"embeddable":true,"href":"https:\/\/adaptax.fingerprint.hu\/index.php\/wp-json\/wp\/v2\/comments?post=36"}],"version-history":[{"count":37,"href":"https:\/\/adaptax.fingerprint.hu\/index.php\/wp-json\/wp\/v2\/pages\/36\/revisions"}],"predecessor-version":[{"id":136,"href":"https:\/\/adaptax.fingerprint.hu\/index.php\/wp-json\/wp\/v2\/pages\/36\/revisions\/136"}],"wp:attachment":[{"href":"https:\/\/adaptax.fingerprint.hu\/index.php\/wp-json\/wp\/v2\/media?parent=36"}],"curies":[{"name":"wp","href":"https:\/\/api.w.org\/{rel}","templated":true}]}}